{"id":109,"date":"2025-03-31T13:50:09","date_gmt":"2025-03-31T13:50:09","guid":{"rendered":"https:\/\/snow-ferret-108103.hostingersite.com\/?page_id=109"},"modified":"2025-05-29T15:34:41","modified_gmt":"2025-05-29T15:34:41","slug":"luxo-adaptado","status":"publish","type":"page","link":"https:\/\/westinportodegalinhas.com.br\/es\/luxo-adaptado\/","title":{"rendered":"Luxo p\/ h\u00f3spedes com mobilidade reduzida"},"content":{"rendered":"<div data-elementor-type=\"wp-page\" data-elementor-id=\"109\" class=\"elementor elementor-109\" data-elementor-post-type=\"page\">\n\t\t\t\t<div class=\"elementor-element elementor-element-54de779b e-flex e-con-boxed e-con e-parent\" data-id=\"54de779b\" data-element_type=\"container\" data-settings=\"{&quot;background_background&quot;:&quot;classic&quot;}\">\n\t\t\t\t\t<div class=\"e-con-inner\">\n\t\t\t\t<div class=\"elementor-element elementor-element-6ff9f7e6 elementor-widget elementor-widget-heading\" data-id=\"6ff9f7e6\" data-element_type=\"widget\" data-widget_type=\"heading.default\">\n\t\t\t\t<div class=\"elementor-widget-container\">\n\t\t\t\t\t<h2 class=\"elementor-heading-title elementor-size-default\">LUJO PARA HU\u00c9SPEDES CON MOVILIDAD REDUCIDA<\/h2>\t\t\t\t<\/div>\n\t\t\t\t<\/div>\n\t\t\t\t<div class=\"elementor-element elementor-element-4711cc98 elementor-widget elementor-widget-heading\" data-id=\"4711cc98\" data-element_type=\"widget\" data-widget_type=\"heading.default\">\n\t\t\t\t<div class=\"elementor-widget-container\">\n\t\t\t\t\t<h2 class=\"elementor-heading-title elementor-size-default\">ALOJAMIENTOS<\/h2>\t\t\t\t<\/div>\n\t\t\t\t<\/div>\n\t\t\t\t\t<\/div>\n\t\t\t\t<\/div>\n\t\t<div class=\"elementor-element elementor-element-673524b e-flex e-con-boxed e-con e-parent\" data-id=\"673524b\" data-element_type=\"container\">\n\t\t\t\t\t<div class=\"e-con-inner\">\n\t\t\t\t<div class=\"elementor-element elementor-element-537021b6 elementor-widget elementor-widget-heading\" data-id=\"537021b6\" data-element_type=\"widget\" data-widget_type=\"heading.default\">\n\t\t\t\t<div class=\"elementor-widget-container\">\n\t\t\t\t\t<h2 class=\"elementor-heading-title elementor-size-default\">No nosso quarto Luxo adaptado voc\u00ea encontra todo o conforto e mobilidade. S\u00e3o quartos decorados com toque moderno, cama KING, facilidades que ajudam no acesso e mobilidade dentro do quarto, como corrim\u00f5es, porta ampla, banheiro adaptado. Al\u00e9m de uma deliciosa varanda com vista para nosso jardim.<\/h2>\t\t\t\t<\/div>\n\t\t\t\t<\/div>\n\t\t<div class=\"elementor-element elementor-element-b191dd2 e-con-full e-flex e-con e-child\" data-id=\"b191dd2\" data-element_type=\"container\">\n\t\t<div class=\"elementor-element elementor-element-d6772f4 e-con-full e-flex e-con e-child\" data-id=\"d6772f4\" data-element_type=\"container\">\n\t\t<div class=\"elementor-element elementor-element-b02f389 e-con-full e-flex e-con e-child\" data-id=\"b02f389\" data-element_type=\"container\">\n\t\t\t\t<div class=\"elementor-element elementor-element-9597c5e elementor-widget__width-initial elementor-widget elementor-widget-image\" data-id=\"9597c5e\" data-element_type=\"widget\" data-widget_type=\"image.default\">\n\t\t\t\t<div class=\"elementor-widget-container\">\n\t\t\t\t\t\t\t\t\t\t\t\t\t\t\t<img fetchpriority=\"high\" decoding=\"async\" width=\"256\" height=\"256\" src=\"https:\/\/westinportodegalinhas.com.br\/wp-content\/uploads\/2025\/03\/checked.png\" class=\"attachment-large size-large wp-image-113\" alt=\"\" srcset=\"https:\/\/westinportodegalinhas.com.br\/wp-content\/uploads\/2025\/03\/checked.png 256w, https:\/\/westinportodegalinhas.com.br\/wp-content\/uploads\/2025\/03\/checked-150x150.png 150w\" sizes=\"(max-width: 256px) 100vw, 256px\" \/>\t\t\t\t\t\t\t\t\t\t\t\t\t\t\t<\/div>\n\t\t\t\t<\/div>\n\t\t\t\t<div class=\"elementor-element elementor-element-ff3555b elementor-widget elementor-widget-heading\" data-id=\"ff3555b\" data-element_type=\"widget\" data-widget_type=\"heading.default\">\n\t\t\t\t<div class=\"elementor-widget-container\">\n\t\t\t\t\t<h2 class=\"elementor-heading-title elementor-size-default\">Ar Condicionado<\/h2>\t\t\t\t<\/div>\n\t\t\t\t<\/div>\n\t\t\t\t<\/div>\n\t\t<div class=\"elementor-element elementor-element-af30db8 e-con-full e-flex e-con e-child\" data-id=\"af30db8\" data-element_type=\"container\">\n\t\t\t\t<div class=\"elementor-element elementor-element-46f67c2 elementor-widget__width-initial elementor-widget elementor-widget-image\" data-id=\"46f67c2\" data-element_type=\"widget\" data-widget_type=\"image.default\">\n\t\t\t\t<div class=\"elementor-widget-container\">\n\t\t\t\t\t\t\t\t\t\t\t\t\t\t\t<img fetchpriority=\"high\" decoding=\"async\" width=\"256\" height=\"256\" src=\"https:\/\/westinportodegalinhas.com.br\/wp-content\/uploads\/2025\/03\/checked.png\" class=\"attachment-large size-large wp-image-113\" alt=\"\" srcset=\"https:\/\/westinportodegalinhas.com.br\/wp-content\/uploads\/2025\/03\/checked.png 256w, https:\/\/westinportodegalinhas.com.br\/wp-content\/uploads\/2025\/03\/checked-150x150.png 150w\" sizes=\"(max-width: 256px) 100vw, 256px\" \/>\t\t\t\t\t\t\t\t\t\t\t\t\t\t\t<\/div>\n\t\t\t\t<\/div>\n\t\t\t\t<div class=\"elementor-element elementor-element-4500ed5 elementor-widget elementor-widget-heading\" data-id=\"4500ed5\" data-element_type=\"widget\" data-widget_type=\"heading.default\">\n\t\t\t\t<div class=\"elementor-widget-container\">\n\t\t\t\t\t<h2 class=\"elementor-heading-title elementor-size-default\">Telefone<\/h2>\t\t\t\t<\/div>\n\t\t\t\t<\/div>\n\t\t\t\t<\/div>\n\t\t<div class=\"elementor-element elementor-element-4e860e9 e-con-full e-flex e-con e-child\" data-id=\"4e860e9\" data-element_type=\"container\">\n\t\t\t\t<div class=\"elementor-element elementor-element-9882832 elementor-widget__width-initial elementor-widget elementor-widget-image\" data-id=\"9882832\" data-element_type=\"widget\" data-widget_type=\"image.default\">\n\t\t\t\t<div class=\"elementor-widget-container\">\n\t\t\t\t\t\t\t\t\t\t\t\t\t\t\t<img fetchpriority=\"high\" decoding=\"async\" width=\"256\" height=\"256\" src=\"https:\/\/westinportodegalinhas.com.br\/wp-content\/uploads\/2025\/03\/checked.png\" class=\"attachment-large size-large wp-image-113\" alt=\"\" srcset=\"https:\/\/westinportodegalinhas.com.br\/wp-content\/uploads\/2025\/03\/checked.png 256w, https:\/\/westinportodegalinhas.com.br\/wp-content\/uploads\/2025\/03\/checked-150x150.png 150w\" sizes=\"(max-width: 256px) 100vw, 256px\" \/>\t\t\t\t\t\t\t\t\t\t\t\t\t\t\t<\/div>\n\t\t\t\t<\/div>\n\t\t\t\t<div class=\"elementor-element elementor-element-27e0ebe elementor-widget elementor-widget-heading\" data-id=\"27e0ebe\" data-element_type=\"widget\" data-widget_type=\"heading.default\">\n\t\t\t\t<div class=\"elementor-widget-container\">\n\t\t\t\t\t<h2 class=\"elementor-heading-title elementor-size-default\">Cofre<\/h2>\t\t\t\t<\/div>\n\t\t\t\t<\/div>\n\t\t\t\t<\/div>\n\t\t<div class=\"elementor-element elementor-element-3cc71d0 e-con-full e-flex e-con e-child\" data-id=\"3cc71d0\" data-element_type=\"container\">\n\t\t\t\t<div class=\"elementor-element elementor-element-fe3f61c elementor-widget__width-initial elementor-widget elementor-widget-image\" data-id=\"fe3f61c\" data-element_type=\"widget\" data-widget_type=\"image.default\">\n\t\t\t\t<div class=\"elementor-widget-container\">\n\t\t\t\t\t\t\t\t\t\t\t\t\t\t\t<img fetchpriority=\"high\" decoding=\"async\" width=\"256\" height=\"256\" src=\"https:\/\/westinportodegalinhas.com.br\/wp-content\/uploads\/2025\/03\/checked.png\" class=\"attachment-large size-large wp-image-113\" alt=\"\" srcset=\"https:\/\/westinportodegalinhas.com.br\/wp-content\/uploads\/2025\/03\/checked.png 256w, https:\/\/westinportodegalinhas.com.br\/wp-content\/uploads\/2025\/03\/checked-150x150.png 150w\" sizes=\"(max-width: 256px) 100vw, 256px\" \/>\t\t\t\t\t\t\t\t\t\t\t\t\t\t\t<\/div>\n\t\t\t\t<\/div>\n\t\t\t\t<div class=\"elementor-element elementor-element-a262e2c elementor-widget elementor-widget-heading\" data-id=\"a262e2c\" data-element_type=\"widget\" data-widget_type=\"heading.default\">\n\t\t\t\t<div class=\"elementor-widget-container\">\n\t\t\t\t\t<h2 class=\"elementor-heading-title elementor-size-default\">Varanda<\/h2>\t\t\t\t<\/div>\n\t\t\t\t<\/div>\n\t\t\t\t<\/div>\n\t\t<div class=\"elementor-element elementor-element-bc4d771 e-con-full e-flex e-con e-child\" data-id=\"bc4d771\" data-element_type=\"container\">\n\t\t\t\t<div class=\"elementor-element elementor-element-48dae36 elementor-widget__width-initial elementor-widget elementor-widget-image\" data-id=\"48dae36\" data-element_type=\"widget\" data-widget_type=\"image.default\">\n\t\t\t\t<div class=\"elementor-widget-container\">\n\t\t\t\t\t\t\t\t\t\t\t\t\t\t\t<img fetchpriority=\"high\" decoding=\"async\" width=\"256\" height=\"256\" src=\"https:\/\/westinportodegalinhas.com.br\/wp-content\/uploads\/2025\/03\/checked.png\" class=\"attachment-large size-large wp-image-113\" alt=\"\" srcset=\"https:\/\/westinportodegalinhas.com.br\/wp-content\/uploads\/2025\/03\/checked.png 256w, https:\/\/westinportodegalinhas.com.br\/wp-content\/uploads\/2025\/03\/checked-150x150.png 150w\" sizes=\"(max-width: 256px) 100vw, 256px\" \/>\t\t\t\t\t\t\t\t\t\t\t\t\t\t\t<\/div>\n\t\t\t\t<\/div>\n\t\t\t\t<div class=\"elementor-element elementor-element-163683c elementor-widget elementor-widget-heading\" data-id=\"163683c\" data-element_type=\"widget\" data-widget_type=\"heading.default\">\n\t\t\t\t<div class=\"elementor-widget-container\">\n\t\t\t\t\t<h2 class=\"elementor-heading-title elementor-size-default\">Acesso a internet (Wireless)<\/h2>\t\t\t\t<\/div>\n\t\t\t\t<\/div>\n\t\t\t\t<\/div>\n\t\t\t\t<\/div>\n\t\t<div class=\"elementor-element elementor-element-366092d e-con-full e-flex e-con e-child\" data-id=\"366092d\" data-element_type=\"container\">\n\t\t<div class=\"elementor-element elementor-element-917f834 e-con-full e-flex e-con e-child\" data-id=\"917f834\" data-element_type=\"container\">\n\t\t\t\t<div class=\"elementor-element elementor-element-66c8cc6 elementor-widget__width-initial elementor-widget elementor-widget-image\" data-id=\"66c8cc6\" data-element_type=\"widget\" data-widget_type=\"image.default\">\n\t\t\t\t<div class=\"elementor-widget-container\">\n\t\t\t\t\t\t\t\t\t\t\t\t\t\t\t<img fetchpriority=\"high\" decoding=\"async\" width=\"256\" height=\"256\" src=\"https:\/\/westinportodegalinhas.com.br\/wp-content\/uploads\/2025\/03\/checked.png\" class=\"attachment-large size-large wp-image-113\" alt=\"\" srcset=\"https:\/\/westinportodegalinhas.com.br\/wp-content\/uploads\/2025\/03\/checked.png 256w, https:\/\/westinportodegalinhas.com.br\/wp-content\/uploads\/2025\/03\/checked-150x150.png 150w\" sizes=\"(max-width: 256px) 100vw, 256px\" \/>\t\t\t\t\t\t\t\t\t\t\t\t\t\t\t<\/div>\n\t\t\t\t<\/div>\n\t\t\t\t<div class=\"elementor-element elementor-element-25b8d7a elementor-widget elementor-widget-heading\" data-id=\"25b8d7a\" data-element_type=\"widget\" data-widget_type=\"heading.default\">\n\t\t\t\t<div class=\"elementor-widget-container\">\n\t\t\t\t\t<h2 class=\"elementor-heading-title elementor-size-default\">Comodidades para caf\u00e9 \/ ch\u00e1<\/h2>\t\t\t\t<\/div>\n\t\t\t\t<\/div>\n\t\t\t\t<\/div>\n\t\t<div class=\"elementor-element elementor-element-93b141a e-con-full e-flex e-con e-child\" data-id=\"93b141a\" data-element_type=\"container\">\n\t\t\t\t<div class=\"elementor-element elementor-element-c0d2f4e elementor-widget__width-initial elementor-widget elementor-widget-image\" data-id=\"c0d2f4e\" data-element_type=\"widget\" data-widget_type=\"image.default\">\n\t\t\t\t<div class=\"elementor-widget-container\">\n\t\t\t\t\t\t\t\t\t\t\t\t\t\t\t<img fetchpriority=\"high\" decoding=\"async\" width=\"256\" height=\"256\" src=\"https:\/\/westinportodegalinhas.com.br\/wp-content\/uploads\/2025\/03\/checked.png\" class=\"attachment-large size-large wp-image-113\" alt=\"\" srcset=\"https:\/\/westinportodegalinhas.com.br\/wp-content\/uploads\/2025\/03\/checked.png 256w, https:\/\/westinportodegalinhas.com.br\/wp-content\/uploads\/2025\/03\/checked-150x150.png 150w\" sizes=\"(max-width: 256px) 100vw, 256px\" \/>\t\t\t\t\t\t\t\t\t\t\t\t\t\t\t<\/div>\n\t\t\t\t<\/div>\n\t\t\t\t<div class=\"elementor-element elementor-element-cc76733 elementor-widget elementor-widget-heading\" data-id=\"cc76733\" data-element_type=\"widget\" data-widget_type=\"heading.default\">\n\t\t\t\t<div class=\"elementor-widget-container\">\n\t\t\t\t\t<h2 class=\"elementor-heading-title elementor-size-default\">Frigobar<\/h2>\t\t\t\t<\/div>\n\t\t\t\t<\/div>\n\t\t\t\t<\/div>\n\t\t<div class=\"elementor-element elementor-element-fc761e3 e-con-full e-flex e-con e-child\" data-id=\"fc761e3\" data-element_type=\"container\">\n\t\t\t\t<div class=\"elementor-element elementor-element-6b88e9f elementor-widget__width-initial elementor-widget elementor-widget-image\" data-id=\"6b88e9f\" data-element_type=\"widget\" data-widget_type=\"image.default\">\n\t\t\t\t<div class=\"elementor-widget-container\">\n\t\t\t\t\t\t\t\t\t\t\t\t\t\t\t<img fetchpriority=\"high\" decoding=\"async\" width=\"256\" height=\"256\" src=\"https:\/\/westinportodegalinhas.com.br\/wp-content\/uploads\/2025\/03\/checked.png\" class=\"attachment-large size-large wp-image-113\" alt=\"\" srcset=\"https:\/\/westinportodegalinhas.com.br\/wp-content\/uploads\/2025\/03\/checked.png 256w, https:\/\/westinportodegalinhas.com.br\/wp-content\/uploads\/2025\/03\/checked-150x150.png 150w\" sizes=\"(max-width: 256px) 100vw, 256px\" \/>\t\t\t\t\t\t\t\t\t\t\t\t\t\t\t<\/div>\n\t\t\t\t<\/div>\n\t\t\t\t<div class=\"elementor-element elementor-element-5d57d99 elementor-widget elementor-widget-heading\" data-id=\"5d57d99\" data-element_type=\"widget\" data-widget_type=\"heading.default\">\n\t\t\t\t<div class=\"elementor-widget-container\">\n\t\t\t\t\t<h2 class=\"elementor-heading-title elementor-size-default\">Kit de Amenities<\/h2>\t\t\t\t<\/div>\n\t\t\t\t<\/div>\n\t\t\t\t<\/div>\n\t\t<div class=\"elementor-element elementor-element-42a09f1 e-con-full e-flex e-con e-child\" data-id=\"42a09f1\" data-element_type=\"container\">\n\t\t\t\t<div class=\"elementor-element elementor-element-035c2c6 elementor-widget__width-initial elementor-widget elementor-widget-image\" data-id=\"035c2c6\" data-element_type=\"widget\" data-widget_type=\"image.default\">\n\t\t\t\t<div class=\"elementor-widget-container\">\n\t\t\t\t\t\t\t\t\t\t\t\t\t\t\t<img fetchpriority=\"high\" decoding=\"async\" width=\"256\" height=\"256\" src=\"https:\/\/westinportodegalinhas.com.br\/wp-content\/uploads\/2025\/03\/checked.png\" class=\"attachment-large size-large wp-image-113\" alt=\"\" srcset=\"https:\/\/westinportodegalinhas.com.br\/wp-content\/uploads\/2025\/03\/checked.png 256w, https:\/\/westinportodegalinhas.com.br\/wp-content\/uploads\/2025\/03\/checked-150x150.png 150w\" sizes=\"(max-width: 256px) 100vw, 256px\" \/>\t\t\t\t\t\t\t\t\t\t\t\t\t\t\t<\/div>\n\t\t\t\t<\/div>\n\t\t\t\t<div class=\"elementor-element elementor-element-b9326df elementor-widget elementor-widget-heading\" data-id=\"b9326df\" data-element_type=\"widget\" data-widget_type=\"heading.default\">\n\t\t\t\t<div class=\"elementor-widget-container\">\n\t\t\t\t\t<h2 class=\"elementor-heading-title elementor-size-default\">Chuveiro el\u00e9trico<\/h2>\t\t\t\t<\/div>\n\t\t\t\t<\/div>\n\t\t\t\t<\/div>\n\t\t<div class=\"elementor-element elementor-element-2e0ef92 e-con-full e-flex e-con e-child\" data-id=\"2e0ef92\" data-element_type=\"container\">\n\t\t\t\t<div class=\"elementor-element elementor-element-d830489 elementor-widget__width-initial elementor-widget elementor-widget-image\" data-id=\"d830489\" data-element_type=\"widget\" data-widget_type=\"image.default\">\n\t\t\t\t<div class=\"elementor-widget-container\">\n\t\t\t\t\t\t\t\t\t\t\t\t\t\t\t<img fetchpriority=\"high\" decoding=\"async\" width=\"256\" height=\"256\" src=\"https:\/\/westinportodegalinhas.com.br\/wp-content\/uploads\/2025\/03\/checked.png\" class=\"attachment-large size-large wp-image-113\" alt=\"\" srcset=\"https:\/\/westinportodegalinhas.com.br\/wp-content\/uploads\/2025\/03\/checked.png 256w, https:\/\/westinportodegalinhas.com.br\/wp-content\/uploads\/2025\/03\/checked-150x150.png 150w\" sizes=\"(max-width: 256px) 100vw, 256px\" \/>\t\t\t\t\t\t\t\t\t\t\t\t\t\t\t<\/div>\n\t\t\t\t<\/div>\n\t\t\t\t<div class=\"elementor-element elementor-element-ff46d61 elementor-widget elementor-widget-heading\" data-id=\"ff46d61\" data-element_type=\"widget\" data-widget_type=\"heading.default\">\n\t\t\t\t<div class=\"elementor-widget-container\">\n\t\t\t\t\t<h2 class=\"elementor-heading-title elementor-size-default\">Secador de cabelo<\/h2>\t\t\t\t<\/div>\n\t\t\t\t<\/div>\n\t\t\t\t<\/div>\n\t\t\t\t<\/div>\n\t\t<div class=\"elementor-element elementor-element-71d11e9 e-con-full e-flex e-con e-child\" data-id=\"71d11e9\" data-element_type=\"container\">\n\t\t<div class=\"elementor-element elementor-element-62561e8 e-con-full e-flex e-con e-child\" data-id=\"62561e8\" data-element_type=\"container\">\n\t\t\t\t<div class=\"elementor-element elementor-element-facb88c elementor-widget__width-initial elementor-widget elementor-widget-image\" data-id=\"facb88c\" data-element_type=\"widget\" data-widget_type=\"image.default\">\n\t\t\t\t<div class=\"elementor-widget-container\">\n\t\t\t\t\t\t\t\t\t\t\t\t\t\t\t<img fetchpriority=\"high\" decoding=\"async\" width=\"256\" height=\"256\" src=\"https:\/\/westinportodegalinhas.com.br\/wp-content\/uploads\/2025\/03\/checked.png\" class=\"attachment-large size-large wp-image-113\" alt=\"\" srcset=\"https:\/\/westinportodegalinhas.com.br\/wp-content\/uploads\/2025\/03\/checked.png 256w, https:\/\/westinportodegalinhas.com.br\/wp-content\/uploads\/2025\/03\/checked-150x150.png 150w\" sizes=\"(max-width: 256px) 100vw, 256px\" \/>\t\t\t\t\t\t\t\t\t\t\t\t\t\t\t<\/div>\n\t\t\t\t<\/div>\n\t\t\t\t<div class=\"elementor-element elementor-element-6cdf3e4 elementor-widget elementor-widget-heading\" data-id=\"6cdf3e4\" data-element_type=\"widget\" data-widget_type=\"heading.default\">\n\t\t\t\t<div class=\"elementor-widget-container\">\n\t\t\t\t\t<h2 class=\"elementor-heading-title elementor-size-default\">Banheiro privado<\/h2>\t\t\t\t<\/div>\n\t\t\t\t<\/div>\n\t\t\t\t<\/div>\n\t\t<div class=\"elementor-element elementor-element-4f507f1 e-con-full e-flex e-con e-child\" data-id=\"4f507f1\" data-element_type=\"container\">\n\t\t\t\t<div class=\"elementor-element elementor-element-fd5ea5b elementor-widget__width-initial elementor-widget elementor-widget-image\" data-id=\"fd5ea5b\" data-element_type=\"widget\" data-widget_type=\"image.default\">\n\t\t\t\t<div class=\"elementor-widget-container\">\n\t\t\t\t\t\t\t\t\t\t\t\t\t\t\t<img fetchpriority=\"high\" decoding=\"async\" width=\"256\" height=\"256\" src=\"https:\/\/westinportodegalinhas.com.br\/wp-content\/uploads\/2025\/03\/checked.png\" class=\"attachment-large size-large wp-image-113\" alt=\"\" srcset=\"https:\/\/westinportodegalinhas.com.br\/wp-content\/uploads\/2025\/03\/checked.png 256w, https:\/\/westinportodegalinhas.com.br\/wp-content\/uploads\/2025\/03\/checked-150x150.png 150w\" sizes=\"(max-width: 256px) 100vw, 256px\" \/>\t\t\t\t\t\t\t\t\t\t\t\t\t\t\t<\/div>\n\t\t\t\t<\/div>\n\t\t\t\t<div class=\"elementor-element elementor-element-9099384 elementor-widget elementor-widget-heading\" data-id=\"9099384\" data-element_type=\"widget\" data-widget_type=\"heading.default\">\n\t\t\t\t<div class=\"elementor-widget-container\">\n\t\t\t\t\t<h2 class=\"elementor-heading-title elementor-size-default\">Tv de tela Plana \/ Plasma \/ LCD<\/h2>\t\t\t\t<\/div>\n\t\t\t\t<\/div>\n\t\t\t\t<\/div>\n\t\t<div class=\"elementor-element elementor-element-ec458d0 e-con-full e-flex e-con e-child\" data-id=\"ec458d0\" data-element_type=\"container\">\n\t\t\t\t<div class=\"elementor-element elementor-element-b82d238 elementor-widget__width-initial elementor-widget elementor-widget-image\" data-id=\"b82d238\" data-element_type=\"widget\" data-widget_type=\"image.default\">\n\t\t\t\t<div class=\"elementor-widget-container\">\n\t\t\t\t\t\t\t\t\t\t\t\t\t\t\t<img fetchpriority=\"high\" decoding=\"async\" width=\"256\" height=\"256\" src=\"https:\/\/westinportodegalinhas.com.br\/wp-content\/uploads\/2025\/03\/checked.png\" class=\"attachment-large size-large wp-image-113\" alt=\"\" srcset=\"https:\/\/westinportodegalinhas.com.br\/wp-content\/uploads\/2025\/03\/checked.png 256w, https:\/\/westinportodegalinhas.com.br\/wp-content\/uploads\/2025\/03\/checked-150x150.png 150w\" sizes=\"(max-width: 256px) 100vw, 256px\" \/>\t\t\t\t\t\t\t\t\t\t\t\t\t\t\t<\/div>\n\t\t\t\t<\/div>\n\t\t\t\t<div class=\"elementor-element elementor-element-6211ca6 elementor-widget elementor-widget-heading\" data-id=\"6211ca6\" data-element_type=\"widget\" data-widget_type=\"heading.default\">\n\t\t\t\t<div class=\"elementor-widget-container\">\n\t\t\t\t\t<h2 class=\"elementor-heading-title elementor-size-default\">TV a Cabo com controle remoto<\/h2>\t\t\t\t<\/div>\n\t\t\t\t<\/div>\n\t\t\t\t<\/div>\n\t\t<div class=\"elementor-element elementor-element-4481a33 e-con-full e-flex e-con e-child\" data-id=\"4481a33\" data-element_type=\"container\">\n\t\t\t\t<div class=\"elementor-element elementor-element-92c2656 elementor-widget__width-initial elementor-widget elementor-widget-image\" data-id=\"92c2656\" data-element_type=\"widget\" data-widget_type=\"image.default\">\n\t\t\t\t<div class=\"elementor-widget-container\">\n\t\t\t\t\t\t\t\t\t\t\t\t\t\t\t<img fetchpriority=\"high\" decoding=\"async\" width=\"256\" height=\"256\" src=\"https:\/\/westinportodegalinhas.com.br\/wp-content\/uploads\/2025\/03\/checked.png\" class=\"attachment-large size-large wp-image-113\" alt=\"\" srcset=\"https:\/\/westinportodegalinhas.com.br\/wp-content\/uploads\/2025\/03\/checked.png 256w, https:\/\/westinportodegalinhas.com.br\/wp-content\/uploads\/2025\/03\/checked-150x150.png 150w\" sizes=\"(max-width: 256px) 100vw, 256px\" \/>\t\t\t\t\t\t\t\t\t\t\t\t\t\t\t<\/div>\n\t\t\t\t<\/div>\n\t\t\t\t<div class=\"elementor-element elementor-element-60d3cd6 elementor-widget elementor-widget-heading\" data-id=\"60d3cd6\" data-element_type=\"widget\" data-widget_type=\"heading.default\">\n\t\t\t\t<div class=\"elementor-widget-container\">\n\t\t\t\t\t<h2 class=\"elementor-heading-title elementor-size-default\">Cama king-size<\/h2>\t\t\t\t<\/div>\n\t\t\t\t<\/div>\n\t\t\t\t<\/div>\n\t\t<div class=\"elementor-element elementor-element-ababd2b e-con-full e-flex e-con e-child\" data-id=\"ababd2b\" data-element_type=\"container\">\n\t\t\t\t<div class=\"elementor-element elementor-element-19b671a elementor-widget__width-initial elementor-widget elementor-widget-image\" data-id=\"19b671a\" data-element_type=\"widget\" data-widget_type=\"image.default\">\n\t\t\t\t<div class=\"elementor-widget-container\">\n\t\t\t\t\t\t\t\t\t\t\t\t\t\t\t<img fetchpriority=\"high\" decoding=\"async\" width=\"256\" height=\"256\" src=\"https:\/\/westinportodegalinhas.com.br\/wp-content\/uploads\/2025\/03\/checked.png\" class=\"attachment-large size-large wp-image-113\" alt=\"\" srcset=\"https:\/\/westinportodegalinhas.com.br\/wp-content\/uploads\/2025\/03\/checked.png 256w, https:\/\/westinportodegalinhas.com.br\/wp-content\/uploads\/2025\/03\/checked-150x150.png 150w\" sizes=\"(max-width: 256px) 100vw, 256px\" \/>\t\t\t\t\t\t\t\t\t\t\t\t\t\t\t<\/div>\n\t\t\t\t<\/div>\n\t\t\t\t<div class=\"elementor-element elementor-element-4df1fbf elementor-widget elementor-widget-heading\" data-id=\"4df1fbf\" data-element_type=\"widget\" data-widget_type=\"heading.default\">\n\t\t\t\t<div class=\"elementor-widget-container\">\n\t\t\t\t\t<h2 class=\"elementor-heading-title elementor-size-default\">Vista para o Jardim<\/h2>\t\t\t\t<\/div>\n\t\t\t\t<\/div>\n\t\t\t\t<\/div>\n\t\t\t\t<\/div>\n\t\t\t\t<\/div>\n\t\t\t\t<div class=\"elementor-element elementor-element-32b85d3 elementor-widget elementor-widget-image-carousel\" data-id=\"32b85d3\" data-element_type=\"widget\" data-settings=\"{&quot;slides_to_show&quot;:&quot;2&quot;,&quot;slides_to_show_mobile&quot;:&quot;1&quot;,&quot;navigation&quot;:&quot;none&quot;,&quot;autoplay&quot;:&quot;yes&quot;,&quot;pause_on_hover&quot;:&quot;yes&quot;,&quot;pause_on_interaction&quot;:&quot;yes&quot;,&quot;autoplay_speed&quot;:5000,&quot;infinite&quot;:&quot;yes&quot;,&quot;speed&quot;:500}\" data-widget_type=\"image-carousel.default\">\n\t\t\t\t<div class=\"elementor-widget-container\">\n\t\t\t\t\t\t\t<div class=\"elementor-image-carousel-wrapper swiper\" role=\"region\" aria-roledescription=\"carousel\" aria-label=\"Carrossel de imagens\" dir=\"ltr\">\n\t\t\t<div class=\"elementor-image-carousel swiper-wrapper\" aria-live=\"off\">\n\t\t\t\t\t\t\t\t<div class=\"swiper-slide\" role=\"group\" aria-roledescription=\"slide\" aria-label=\"1 de 2\" data-no-translation-aria-label=\"\"><figure class=\"swiper-slide-inner\"><img decoding=\"async\" class=\"swiper-slide-image\" src=\"https:\/\/westinportodegalinhas.com.br\/wp-content\/uploads\/2025\/03\/1-3.png\" alt=\"1-3.png\" \/><\/figure><\/div><div class=\"swiper-slide\" role=\"group\" aria-roledescription=\"slide\" aria-label=\"2 de 2\" data-no-translation-aria-label=\"\"><figure class=\"swiper-slide-inner\"><img decoding=\"async\" class=\"swiper-slide-image\" src=\"https:\/\/westinportodegalinhas.com.br\/wp-content\/uploads\/2025\/03\/2-3.png\" alt=\"2-3.png\" \/><\/figure><\/div>\t\t\t<\/div>\n\t\t\t\t\t\t\t\n\t\t\t\t\t\t\t\t\t<\/div>\n\t\t\t\t\t\t<\/div>\n\t\t\t\t<\/div>\n\t\t\t\t<div class=\"elementor-element elementor-element-7cf9fbce elementor-align-center elementor-widget elementor-widget-button\" data-id=\"7cf9fbce\" data-element_type=\"widget\" data-widget_type=\"button.default\">\n\t\t\t\t<div class=\"elementor-widget-container\">\n\t\t\t\t\t\t\t\t\t<div class=\"elementor-button-wrapper\">\n\t\t\t\t\t<a class=\"elementor-button elementor-button-link elementor-size-sm\" href=\"https:\/\/book.omnibees.com\/hotel\/3165\">\n\t\t\t\t\t\t<span class=\"elementor-button-content-wrapper\">\n\t\t\t\t\t\t\t\t\t<span class=\"elementor-button-text\">FAZER RESERVA!<\/span>\n\t\t\t\t\t<\/span>\n\t\t\t\t\t<\/a>\n\t\t\t\t<\/div>\n\t\t\t\t\t\t\t\t<\/div>\n\t\t\t\t<\/div>\n\t\t\t\t\t<\/div>\n\t\t\t\t<\/div>\n\t\t\t\t<\/div>","protected":false},"excerpt":{"rendered":"<p>LUXO PARA H\u00d3SPEDES COM MOBILIDADE REDUZIDA ACOMODA\u00c7\u00d5ES No nosso quarto Luxo adaptado voc\u00ea encontra todo o conforto e mobilidade. S\u00e3o quartos decorados com toque moderno, cama KING, facilidades que ajudam no acesso e mobilidade dentro do quarto, como corrim\u00f5es, porta ampla, banheiro adaptado. Al\u00e9m de uma deliciosa varanda com vista para nosso jardim. Ar Condicionado [&hellip;]<\/p>","protected":false},"author":1,"featured_media":0,"parent":0,"menu_order":0,"comment_status":"closed","ping_status":"closed","template":"elementor_header_footer","meta":{"footnotes":""},"class_list":["post-109","page","type-page","status-publish","hentry"],"_links":{"self":[{"href":"https:\/\/westinportodegalinhas.com.br\/es\/wp-json\/wp\/v2\/pages\/109","targetHints":{"allow":["GET"]}}],"collection":[{"href":"https:\/\/westinportodegalinhas.com.br\/es\/wp-json\/wp\/v2\/pages"}],"about":[{"href":"https:\/\/westinportodegalinhas.com.br\/es\/wp-json\/wp\/v2\/types\/page"}],"author":[{"embeddable":true,"href":"https:\/\/westinportodegalinhas.com.br\/es\/wp-json\/wp\/v2\/users\/1"}],"replies":[{"embeddable":true,"href":"https:\/\/westinportodegalinhas.com.br\/es\/wp-json\/wp\/v2\/comments?post=109"}],"version-history":[{"count":40,"href":"https:\/\/westinportodegalinhas.com.br\/es\/wp-json\/wp\/v2\/pages\/109\/revisions"}],"predecessor-version":[{"id":1040,"href":"https:\/\/westinportodegalinhas.com.br\/es\/wp-json\/wp\/v2\/pages\/109\/revisions\/1040"}],"wp:attachment":[{"href":"https:\/\/westinportodegalinhas.com.br\/es\/wp-json\/wp\/v2\/media?parent=109"}],"curies":[{"name":"wp","href":"https:\/\/api.w.org\/{rel}","templated":true}]}}