{"id":138,"date":"2025-03-31T13:52:22","date_gmt":"2025-03-31T13:52:22","guid":{"rendered":"https:\/\/snow-ferret-108103.hostingersite.com\/?page_id=138"},"modified":"2025-07-24T01:47:31","modified_gmt":"2025-07-24T01:47:31","slug":"spa","status":"publish","type":"page","link":"https:\/\/westinportodegalinhas.com.br\/es\/spa\/","title":{"rendered":"SPA"},"content":{"rendered":"<div data-elementor-type=\"wp-page\" data-elementor-id=\"138\" class=\"elementor elementor-138\" data-elementor-post-type=\"page\">\n\t\t\t\t<div class=\"elementor-element elementor-element-2e245b25 e-flex e-con-boxed e-con e-parent\" data-id=\"2e245b25\" data-element_type=\"container\" data-settings=\"{&quot;background_background&quot;:&quot;classic&quot;}\">\n\t\t\t\t\t<div class=\"e-con-inner\">\n\t\t\t\t<div class=\"elementor-element elementor-element-319ef428 elementor-widget elementor-widget-heading\" data-id=\"319ef428\" data-element_type=\"widget\" data-widget_type=\"heading.default\">\n\t\t\t\t<div class=\"elementor-widget-container\">\n\t\t\t\t\t<h2 class=\"elementor-heading-title elementor-size-default\">HEAVENLY SPA BY WESTIN<\/h2>\t\t\t\t<\/div>\n\t\t\t\t<\/div>\n\t\t\t\t\t<\/div>\n\t\t\t\t<\/div>\n\t\t<div class=\"elementor-element elementor-element-5b85abc1 e-flex e-con-boxed e-con e-parent\" data-id=\"5b85abc1\" data-element_type=\"container\" data-settings=\"{&quot;background_background&quot;:&quot;classic&quot;}\">\n\t\t\t\t\t<div class=\"e-con-inner\">\n\t\t<div class=\"elementor-element elementor-element-1ba2481d e-con-full e-flex e-con e-child\" data-id=\"1ba2481d\" data-element_type=\"container\">\n\t\t<div class=\"elementor-element elementor-element-108a6483 e-con-full e-flex e-con e-child\" data-id=\"108a6483\" data-element_type=\"container\">\n\t\t\t\t<div class=\"elementor-element elementor-element-6ee7e4f3 elementor-widget elementor-widget-heading\" data-id=\"6ee7e4f3\" data-element_type=\"widget\" data-widget_type=\"heading.default\">\n\t\t\t\t<div class=\"elementor-widget-container\">\n\t\t\t\t\t<h2 class=\"elementor-heading-title elementor-size-default\">Heavenly Spa by Westin\u2122<\/h2>\t\t\t\t<\/div>\n\t\t\t\t<\/div>\n\t\t\t\t<div class=\"elementor-element elementor-element-ca76783 elementor-widget elementor-widget-heading\" data-id=\"ca76783\" data-element_type=\"widget\" data-widget_type=\"heading.default\">\n\t\t\t\t<div class=\"elementor-widget-container\">\n\t\t\t\t\t<h2 class=\"elementor-heading-title elementor-size-default\">Servicios de SPA disponibles con costo adicional.<\/h2>\t\t\t\t<\/div>\n\t\t\t\t<\/div>\n\t\t\t\t<div class=\"elementor-element elementor-element-7186493f elementor-widget elementor-widget-heading\" data-id=\"7186493f\" data-element_type=\"widget\" data-widget_type=\"heading.default\">\n\t\t\t\t<div class=\"elementor-widget-container\">\n\t\t\t\t\t<h2 class=\"elementor-heading-title elementor-size-default\">Una representaci\u00f3n de nuestro compromiso con el bienestar, Heavenly Spa by Westin brinda a los hu\u00e9spedes un refugio de relajaci\u00f3n y renovaci\u00f3n. Combinando un entorno sofisticado con tratamientos exclusivos, nuestra propuesta es crear una experiencia sensorial \u00fanica que promueva el equilibrio entre cuerpo y mente.<\/h2>\t\t\t\t<\/div>\n\t\t\t\t<\/div>\n\t\t\t\t<div class=\"elementor-element elementor-element-47a15da elementor-align-left elementor-mobile-align-center elementor-widget elementor-widget-button\" data-id=\"47a15da\" data-element_type=\"widget\" data-widget_type=\"button.default\">\n\t\t\t\t<div class=\"elementor-widget-container\">\n\t\t\t\t\t\t\t\t\t<div class=\"elementor-button-wrapper\">\n\t\t\t\t\t<a class=\"elementor-button elementor-button-link elementor-size-sm\" href=\"https:\/\/www.revistahoteis.com.br\/the-westin-porto-de-galinhas-inaugura-o-heavenly-spa\/\">\n\t\t\t\t\t\t<span class=\"elementor-button-content-wrapper\">\n\t\t\t\t\t\t\t\t\t<span class=\"elementor-button-text\">HAZ CLIC AQU\u00cd<\/span>\n\t\t\t\t\t<\/span>\n\t\t\t\t\t<\/a>\n\t\t\t\t<\/div>\n\t\t\t\t\t\t\t\t<\/div>\n\t\t\t\t<\/div>\n\t\t\t\t<\/div>\n\t\t<div class=\"elementor-element elementor-element-4f2e5465 e-con-full e-flex e-con e-child\" data-id=\"4f2e5465\" data-element_type=\"container\">\n\t\t\t\t<div class=\"elementor-element elementor-element-564148bf elementor-widget elementor-widget-video\" data-id=\"564148bf\" data-element_type=\"widget\" data-settings=\"{&quot;youtube_url&quot;:&quot;https:\\\/\\\/youtu.be\\\/haUlIg8wkqk?si=D83EHiEc2BraobYy&quot;,&quot;video_type&quot;:&quot;youtube&quot;,&quot;controls&quot;:&quot;yes&quot;}\" data-widget_type=\"video.default\">\n\t\t\t\t<div class=\"elementor-widget-container\">\n\t\t\t\t\t\t\t<div class=\"elementor-wrapper elementor-open-inline\">\n\t\t\t<div class=\"elementor-video\"><\/div>\t\t<\/div>\n\t\t\t\t\t\t<\/div>\n\t\t\t\t<\/div>\n\t\t\t\t<\/div>\n\t\t\t\t<\/div>\n\t\t\t\t\t<\/div>\n\t\t\t\t<\/div>\n\t\t<div class=\"elementor-element elementor-element-32692fee e-flex e-con-boxed e-con e-parent\" data-id=\"32692fee\" data-element_type=\"container\">\n\t\t\t\t\t<div class=\"e-con-inner\">\n\t\t\t\t<div class=\"elementor-element elementor-element-c791073 elementor-widget__width-initial elementor-widget elementor-widget-image-carousel\" data-id=\"c791073\" data-element_type=\"widget\" data-settings=\"{&quot;navigation&quot;:&quot;none&quot;,&quot;image_spacing_custom&quot;:{&quot;unit&quot;:&quot;px&quot;,&quot;size&quot;:-3,&quot;sizes&quot;:[]},&quot;autoplay_speed&quot;:2500,&quot;autoplay&quot;:&quot;yes&quot;,&quot;pause_on_hover&quot;:&quot;yes&quot;,&quot;pause_on_interaction&quot;:&quot;yes&quot;,&quot;infinite&quot;:&quot;yes&quot;,&quot;speed&quot;:500,&quot;image_spacing_custom_tablet&quot;:{&quot;unit&quot;:&quot;px&quot;,&quot;size&quot;:&quot;&quot;,&quot;sizes&quot;:[]},&quot;image_spacing_custom_mobile&quot;:{&quot;unit&quot;:&quot;px&quot;,&quot;size&quot;:&quot;&quot;,&quot;sizes&quot;:[]}}\" data-widget_type=\"image-carousel.default\">\n\t\t\t\t<div class=\"elementor-widget-container\">\n\t\t\t\t\t\t\t<div class=\"elementor-image-carousel-wrapper swiper\" role=\"region\" aria-roledescription=\"carousel\" aria-label=\"Carrossel de imagens\" dir=\"ltr\">\n\t\t\t<div class=\"elementor-image-carousel swiper-wrapper\" aria-live=\"off\">\n\t\t\t\t\t\t\t\t<div class=\"swiper-slide\" role=\"group\" aria-roledescription=\"slide\" aria-label=\"1 de 3\"><figure class=\"swiper-slide-inner\"><img decoding=\"async\" class=\"swiper-slide-image\" src=\"https:\/\/westinportodegalinhas.com.br\/wp-content\/uploads\/2025\/03\/carrossel-3.png\" alt=\"carrossel-3.png\" \/><\/figure><\/div><div class=\"swiper-slide\" role=\"group\" aria-roledescription=\"slide\" aria-label=\"2 de 3\"><figure class=\"swiper-slide-inner\"><img decoding=\"async\" class=\"swiper-slide-image\" src=\"https:\/\/westinportodegalinhas.com.br\/wp-content\/uploads\/2025\/03\/carrossel-2.png\" alt=\"carrossel-2.png\" \/><\/figure><\/div><div class=\"swiper-slide\" role=\"group\" aria-roledescription=\"slide\" aria-label=\"3 de 3\"><figure class=\"swiper-slide-inner\"><img decoding=\"async\" class=\"swiper-slide-image\" src=\"https:\/\/westinportodegalinhas.com.br\/wp-content\/uploads\/2025\/03\/carrossel-1.png\" alt=\"carrossel-1.png\" \/><\/figure><\/div>\t\t\t<\/div>\n\t\t\t\t\t\t\t\n\t\t\t\t\t\t\t\t\t<\/div>\n\t\t\t\t\t\t<\/div>\n\t\t\t\t<\/div>\n\t\t\t\t\t<\/div>\n\t\t\t\t<\/div>\n\t\t<div class=\"elementor-element elementor-element-4077acdf e-flex e-con-boxed e-con e-parent\" data-id=\"4077acdf\" data-element_type=\"container\">\n\t\t\t\t\t<div class=\"e-con-inner\">\n\t\t<div class=\"elementor-element elementor-element-39b52935 e-con-full e-flex e-con e-child\" data-id=\"39b52935\" data-element_type=\"container\">\n\t\t<div class=\"elementor-element elementor-element-5f5ab0e4 e-con-full e-flex e-con e-child\" data-id=\"5f5ab0e4\" data-element_type=\"container\">\n\t\t<div class=\"elementor-element elementor-element-412479b5 e-con-full e-flex e-con e-child\" data-id=\"412479b5\" data-element_type=\"container\">\n\t\t\t\t<div class=\"elementor-element elementor-element-3d2f7810 elementor-widget elementor-widget-heading\" data-id=\"3d2f7810\" data-element_type=\"widget\" data-widget_type=\"heading.default\">\n\t\t\t\t<div class=\"elementor-widget-container\">\n\t\t\t\t\t<h2 class=\"elementor-heading-title elementor-size-default\">Nuestra Filosof\u00eda<\/h2>\t\t\t\t<\/div>\n\t\t\t\t<\/div>\n\t\t\t\t<div class=\"elementor-element elementor-element-1bd34b2 elementor-widget elementor-widget-heading\" data-id=\"1bd34b2\" data-element_type=\"widget\" data-widget_type=\"heading.default\">\n\t\t\t\t<div class=\"elementor-widget-container\">\n\t\t\t\t\t<h2 class=\"elementor-heading-title elementor-size-default\">Creemos que el verdadero valor de la experiencia de un spa va m\u00e1s all\u00e1 de las instalaciones impecables, los tratamientos especializados y los productos premium. Heavenly Spa by Westin ofrece un entorno donde el silencio, la desconexi\u00f3n de la tecnolog\u00eda, la introspecci\u00f3n y la contemplaci\u00f3n son elementos esenciales para el bienestar absoluto.<\/h2>\t\t\t\t<\/div>\n\t\t\t\t<\/div>\n\t\t\t\t<\/div>\n\t\t<div class=\"elementor-element elementor-element-75664ab7 e-con-full e-flex e-con e-child\" data-id=\"75664ab7\" data-element_type=\"container\">\n\t\t\t\t<div class=\"elementor-element elementor-element-2afd21a7 elementor-widget elementor-widget-heading\" data-id=\"2afd21a7\" data-element_type=\"widget\" data-widget_type=\"heading.default\">\n\t\t\t\t<div class=\"elementor-widget-container\">\n\t\t\t\t\t<h2 class=\"elementor-heading-title elementor-size-default\">Una Experiencia Sensorial Completa<\/h2>\t\t\t\t<\/div>\n\t\t\t\t<\/div>\n\t\t\t\t<div class=\"elementor-element elementor-element-3495a850 elementor-widget elementor-widget-heading\" data-id=\"3495a850\" data-element_type=\"widget\" data-widget_type=\"heading.default\">\n\t\t\t\t<div class=\"elementor-widget-container\">\n\t\t\t\t\t<h2 class=\"elementor-heading-title elementor-size-default\">Desde el momento de la llegada, cada detalle de Heavenly Spa by Westin est\u00e1 dise\u00f1ado para envolver a los hu\u00e9spedes a trav\u00e9s de los siete sentidos: los cinco sentidos f\u00edsicos (vista, o\u00eddo, tacto, gusto y aroma) y los dos sentidos psicol\u00f3gicos (emoci\u00f3n y significado). Cada caricia, fragancia y sonido est\u00e1n cuidadosamente seleccionados para crear una atm\u00f3sfera de armon\u00eda y relajaci\u00f3n profunda.<\/h2>\t\t\t\t<\/div>\n\t\t\t\t<\/div>\n\t\t\t\t<\/div>\n\t\t<div class=\"elementor-element elementor-element-52a045cf e-con-full e-flex e-con e-child\" data-id=\"52a045cf\" data-element_type=\"container\">\n\t\t\t\t<div class=\"elementor-element elementor-element-d46609c elementor-widget elementor-widget-heading\" data-id=\"d46609c\" data-element_type=\"widget\" data-widget_type=\"heading.default\">\n\t\t\t\t<div class=\"elementor-widget-container\">\n\t\t\t\t\t<h2 class=\"elementor-heading-title elementor-size-default\">Renovaci\u00f3n y Serenidad Instintiva<\/h2>\t\t\t\t<\/div>\n\t\t\t\t<\/div>\n\t\t\t\t<div class=\"elementor-element elementor-element-69f917e3 elementor-widget elementor-widget-heading\" data-id=\"69f917e3\" data-element_type=\"widget\" data-widget_type=\"heading.default\">\n\t\t\t\t<div class=\"elementor-widget-container\">\n\t\t\t\t\t<h2 class=\"elementor-heading-title elementor-size-default\">Nuestro spa es un santuario dedicado a la restauraci\u00f3n de la energ\u00eda y a la revitalizaci\u00f3n del esp\u00edritu. M\u00e1s que proporcionar un estado de relajaci\u00f3n, queremos que cada hu\u00e9sped salga de Heavenly Spa by Westin con una nueva perspectiva, sinti\u00e9ndose renovado, equilibrado e inspirado para enfrentar los desaf\u00edos del d\u00eda a d\u00eda con mayor ligereza y claridad.<\/h2>\t\t\t\t<\/div>\n\t\t\t\t<\/div>\n\t\t\t\t<div class=\"elementor-element elementor-element-7477e88 elementor-align-left elementor-mobile-align-center elementor-widget elementor-widget-button\" data-id=\"7477e88\" data-element_type=\"widget\" data-widget_type=\"button.default\">\n\t\t\t\t<div class=\"elementor-widget-container\">\n\t\t\t\t\t\t\t\t\t<div class=\"elementor-button-wrapper\">\n\t\t\t\t\t<a class=\"elementor-button elementor-button-link elementor-size-sm\" href=\"https:\/\/guest.iris.net\/RECPG\/content\/standard\/f271f18b-bfb2-4a01-ba38-eb8a21c683fe\">\n\t\t\t\t\t\t<span class=\"elementor-button-content-wrapper\">\n\t\t\t\t\t\t\t\t\t<span class=\"elementor-button-text\">\u00a1HAZ CLIC AQU\u00cd Y VEN A VIVIR ESTA EXPERIENCIA!<\/span>\n\t\t\t\t\t<\/span>\n\t\t\t\t\t<\/a>\n\t\t\t\t<\/div>\n\t\t\t\t\t\t\t\t<\/div>\n\t\t\t\t<\/div>\n\t\t\t\t<\/div>\n\t\t\t\t<\/div>\n\t\t<div class=\"elementor-element elementor-element-5a915b2 e-con-full e-flex e-con e-child\" data-id=\"5a915b2\" data-element_type=\"container\">\n\t\t\t\t<div class=\"elementor-element elementor-element-48c6c75f elementor-widget elementor-widget-image\" data-id=\"48c6c75f\" data-element_type=\"widget\" data-widget_type=\"image.default\">\n\t\t\t\t<div class=\"elementor-widget-container\">\n\t\t\t\t\t\t\t\t\t\t\t\t\t\t\t<img fetchpriority=\"high\" decoding=\"async\" width=\"800\" height=\"666\" src=\"https:\/\/westinportodegalinhas.com.br\/wp-content\/uploads\/2025\/03\/Experiencia.png\" class=\"attachment-large size-large wp-image-154\" alt=\"\" srcset=\"https:\/\/westinportodegalinhas.com.br\/wp-content\/uploads\/2025\/03\/Experiencia.png 956w, https:\/\/westinportodegalinhas.com.br\/wp-content\/uploads\/2025\/03\/Experiencia-300x250.png 300w, https:\/\/westinportodegalinhas.com.br\/wp-content\/uploads\/2025\/03\/Experiencia-768x639.png 768w\" sizes=\"(max-width: 800px) 100vw, 800px\" \/>\t\t\t\t\t\t\t\t\t\t\t\t\t\t\t<\/div>\n\t\t\t\t<\/div>\n\t\t\t\t<\/div>\n\t\t\t\t<\/div>\n\t\t\t\t\t<\/div>\n\t\t\t\t<\/div>\n\t\t<div class=\"elementor-element elementor-element-c74f525 e-flex e-con-boxed e-con e-parent\" data-id=\"c74f525\" data-element_type=\"container\" data-settings=\"{&quot;background_background&quot;:&quot;classic&quot;}\">\n\t\t\t\t\t<div class=\"e-con-inner\">\n\t\t\t\t<div class=\"elementor-element elementor-element-10206720 elementor-widget elementor-widget-heading\" data-id=\"10206720\" data-element_type=\"widget\" data-widget_type=\"heading.default\">\n\t\t\t\t<div class=\"elementor-widget-container\">\n\t\t\t\t\t<h2 class=\"elementor-heading-title elementor-size-default\">INSTALACIONES Y TRATAMIENTOS<\/h2>\t\t\t\t<\/div>\n\t\t\t\t<\/div>\n\t\t<div class=\"elementor-element elementor-element-6566436f e-con-full e-flex e-con e-child\" data-id=\"6566436f\" data-element_type=\"container\">\n\t\t<div class=\"elementor-element elementor-element-545df0ee e-con-full e-flex e-con e-child\" data-id=\"545df0ee\" data-element_type=\"container\">\n\t\t<div class=\"elementor-element elementor-element-3d0ddd68 e-con-full e-flex e-con e-child\" data-id=\"3d0ddd68\" data-element_type=\"container\" data-settings=\"{&quot;background_background&quot;:&quot;classic&quot;}\">\n\t\t\t\t<div class=\"elementor-element elementor-element-6c9ee094 elementor-widget elementor-widget-image\" data-id=\"6c9ee094\" data-element_type=\"widget\" data-widget_type=\"image.default\">\n\t\t\t\t<div class=\"elementor-widget-container\">\n\t\t\t\t\t\t\t\t\t\t\t\t\t\t\t<img decoding=\"async\" width=\"288\" height=\"475\" src=\"https:\/\/westinportodegalinhas.com.br\/wp-content\/uploads\/2025\/03\/hidro-1.png\" class=\"elementor-animation-float attachment-full size-full wp-image-155\" alt=\"\" srcset=\"https:\/\/westinportodegalinhas.com.br\/wp-content\/uploads\/2025\/03\/hidro-1.png 288w, https:\/\/westinportodegalinhas.com.br\/wp-content\/uploads\/2025\/03\/hidro-1-182x300.png 182w\" sizes=\"(max-width: 288px) 100vw, 288px\" \/>\t\t\t\t\t\t\t\t\t\t\t\t\t\t\t<\/div>\n\t\t\t\t<\/div>\n\t\t\t\t<div class=\"elementor-element elementor-element-3f17430c elementor-widget elementor-widget-heading\" data-id=\"3f17430c\" data-element_type=\"widget\" data-widget_type=\"heading.default\">\n\t\t\t\t<div class=\"elementor-widget-container\">\n\t\t\t\t\t<h2 class=\"elementor-heading-title elementor-size-default\">HIDROMASAJE<\/h2>\t\t\t\t<\/div>\n\t\t\t\t<\/div>\n\t\t\t\t<\/div>\n\t\t\t\t<div class=\"elementor-element elementor-element-6b6889d9 elementor-widget elementor-widget-heading\" data-id=\"6b6889d9\" data-element_type=\"widget\" data-widget_type=\"heading.default\">\n\t\t\t\t<div class=\"elementor-widget-container\">\n\t\t\t\t\t<h2 class=\"elementor-heading-title elementor-size-default\"><b>Ba\u00f1eras de hidromasaje <\/b>para una relajaci\u00f3n profunda<\/h2>\t\t\t\t<\/div>\n\t\t\t\t<\/div>\n\t\t\t\t<\/div>\n\t\t<div class=\"elementor-element elementor-element-3805e6c9 e-con-full e-flex e-con e-child\" data-id=\"3805e6c9\" data-element_type=\"container\">\n\t\t<div class=\"elementor-element elementor-element-2ebc4137 e-con-full e-flex e-con e-child\" data-id=\"2ebc4137\" data-element_type=\"container\" data-settings=\"{&quot;background_background&quot;:&quot;classic&quot;}\">\n\t\t\t\t<div class=\"elementor-element elementor-element-677438ca elementor-widget elementor-widget-image\" data-id=\"677438ca\" data-element_type=\"widget\" data-widget_type=\"image.default\">\n\t\t\t\t<div class=\"elementor-widget-container\">\n\t\t\t\t\t\t\t\t\t\t\t\t\t\t\t<img decoding=\"async\" width=\"288\" height=\"475\" src=\"https:\/\/westinportodegalinhas.com.br\/wp-content\/uploads\/2025\/03\/massagem.png\" class=\"elementor-animation-float attachment-full size-full wp-image-156\" alt=\"\" srcset=\"https:\/\/westinportodegalinhas.com.br\/wp-content\/uploads\/2025\/03\/massagem.png 288w, https:\/\/westinportodegalinhas.com.br\/wp-content\/uploads\/2025\/03\/massagem-182x300.png 182w\" sizes=\"(max-width: 288px) 100vw, 288px\" \/>\t\t\t\t\t\t\t\t\t\t\t\t\t\t\t<\/div>\n\t\t\t\t<\/div>\n\t\t\t\t<div class=\"elementor-element elementor-element-fe92540 elementor-widget elementor-widget-heading\" data-id=\"fe92540\" data-element_type=\"widget\" data-widget_type=\"heading.default\">\n\t\t\t\t<div class=\"elementor-widget-container\">\n\t\t\t\t\t<h2 class=\"elementor-heading-title elementor-size-default\">MASAJE<\/h2>\t\t\t\t<\/div>\n\t\t\t\t<\/div>\n\t\t\t\t<\/div>\n\t\t\t\t<div class=\"elementor-element elementor-element-1a465b1f elementor-widget elementor-widget-heading\" data-id=\"1a465b1f\" data-element_type=\"widget\" data-widget_type=\"heading.default\">\n\t\t\t\t<div class=\"elementor-widget-container\">\n\t\t\t\t\t<h2 class=\"elementor-heading-title elementor-size-default\"><b>Salas de masaje <\/b>dise\u00f1adas para garantizar un confort absoluto<\/h2>\t\t\t\t<\/div>\n\t\t\t\t<\/div>\n\t\t\t\t<\/div>\n\t\t<div class=\"elementor-element elementor-element-4ebb9574 e-con-full e-flex e-con e-child\" data-id=\"4ebb9574\" data-element_type=\"container\">\n\t\t<div class=\"elementor-element elementor-element-4e39165 e-con-full e-flex e-con e-child\" data-id=\"4e39165\" data-element_type=\"container\" data-settings=\"{&quot;background_background&quot;:&quot;classic&quot;}\">\n\t\t\t\t<div class=\"elementor-element elementor-element-76fbfd22 elementor-widget elementor-widget-image\" data-id=\"76fbfd22\" data-element_type=\"widget\" data-widget_type=\"image.default\">\n\t\t\t\t<div class=\"elementor-widget-container\">\n\t\t\t\t\t\t\t\t\t\t\t\t\t\t\t<img loading=\"lazy\" decoding=\"async\" width=\"288\" height=\"475\" src=\"https:\/\/westinportodegalinhas.com.br\/wp-content\/uploads\/2025\/03\/relaxamento.png\" class=\"elementor-animation-float attachment-full size-full wp-image-157\" alt=\"\" srcset=\"https:\/\/westinportodegalinhas.com.br\/wp-content\/uploads\/2025\/03\/relaxamento.png 288w, https:\/\/westinportodegalinhas.com.br\/wp-content\/uploads\/2025\/03\/relaxamento-182x300.png 182w\" sizes=\"(max-width: 288px) 100vw, 288px\" \/>\t\t\t\t\t\t\t\t\t\t\t\t\t\t\t<\/div>\n\t\t\t\t<\/div>\n\t\t\t\t<div class=\"elementor-element elementor-element-4576c876 elementor-widget elementor-widget-heading\" data-id=\"4576c876\" data-element_type=\"widget\" data-widget_type=\"heading.default\">\n\t\t\t\t<div class=\"elementor-widget-container\">\n\t\t\t\t\t<h2 class=\"elementor-heading-title elementor-size-default\">RELAJACI\u00d3N<\/h2>\t\t\t\t<\/div>\n\t\t\t\t<\/div>\n\t\t\t\t<\/div>\n\t\t\t\t<div class=\"elementor-element elementor-element-1d678096 elementor-widget elementor-widget-heading\" data-id=\"1d678096\" data-element_type=\"widget\" data-widget_type=\"heading.default\">\n\t\t\t\t<div class=\"elementor-widget-container\">\n\t\t\t\t\t<h2 class=\"elementor-heading-title elementor-size-default\"><b>Espacios de relajaci\u00f3n con sillas reclinables<\/b>, que brindan momentos de tranquilidad e introspecci\u00f3n.<\/h2>\t\t\t\t<\/div>\n\t\t\t\t<\/div>\n\t\t\t\t<\/div>\n\t\t<div class=\"elementor-element elementor-element-4d99c5ff e-con-full e-flex e-con e-child\" data-id=\"4d99c5ff\" data-element_type=\"container\">\n\t\t<div class=\"elementor-element elementor-element-1fe5ab4c e-con-full e-flex e-con e-child\" data-id=\"1fe5ab4c\" data-element_type=\"container\" data-settings=\"{&quot;background_background&quot;:&quot;classic&quot;}\">\n\t\t\t\t<div class=\"elementor-element elementor-element-1b0f903d elementor-widget elementor-widget-image\" data-id=\"1b0f903d\" data-element_type=\"widget\" data-widget_type=\"image.default\">\n\t\t\t\t<div class=\"elementor-widget-container\">\n\t\t\t\t\t\t\t\t\t\t\t\t\t\t\t<img loading=\"lazy\" decoding=\"async\" width=\"288\" height=\"475\" src=\"https:\/\/westinportodegalinhas.com.br\/wp-content\/uploads\/2025\/03\/terapias-1.png\" class=\"elementor-animation-float attachment-full size-full wp-image-158\" alt=\"\" srcset=\"https:\/\/westinportodegalinhas.com.br\/wp-content\/uploads\/2025\/03\/terapias-1.png 288w, https:\/\/westinportodegalinhas.com.br\/wp-content\/uploads\/2025\/03\/terapias-1-182x300.png 182w\" sizes=\"(max-width: 288px) 100vw, 288px\" \/>\t\t\t\t\t\t\t\t\t\t\t\t\t\t\t<\/div>\n\t\t\t\t<\/div>\n\t\t\t\t<div class=\"elementor-element elementor-element-286fd5b0 elementor-widget elementor-widget-heading\" data-id=\"286fd5b0\" data-element_type=\"widget\" data-widget_type=\"heading.default\">\n\t\t\t\t<div class=\"elementor-widget-container\">\n\t\t\t\t\t<h2 class=\"elementor-heading-title elementor-size-default\">TERAPIAS<\/h2>\t\t\t\t<\/div>\n\t\t\t\t<\/div>\n\t\t\t\t<\/div>\n\t\t\t\t<div class=\"elementor-element elementor-element-1d88e485 elementor-widget elementor-widget-heading\" data-id=\"1d88e485\" data-element_type=\"widget\" data-widget_type=\"heading.default\">\n\t\t\t\t<div class=\"elementor-widget-container\">\n\t\t\t\t\t<h2 class=\"elementor-heading-title elementor-size-default\"><b>Terapias especializadas y paquetes wellness personalizados<\/b>, adaptados a las necesidades individuales de los hu\u00e9spedes.<\/h2>\t\t\t\t<\/div>\n\t\t\t\t<\/div>\n\t\t\t\t<\/div>\n\t\t\t\t<\/div>\n\t\t\t\t<div class=\"elementor-element elementor-element-28b89c48 elementor-widget-divider--view-line elementor-widget elementor-widget-divider\" data-id=\"28b89c48\" data-element_type=\"widget\" data-widget_type=\"divider.default\">\n\t\t\t\t<div class=\"elementor-widget-container\">\n\t\t\t\t\t\t\t<div class=\"elementor-divider\">\n\t\t\t<span class=\"elementor-divider-separator\">\n\t\t\t\t\t\t<\/span>\n\t\t<\/div>\n\t\t\t\t\t\t<\/div>\n\t\t\t\t<\/div>\n\t\t\t\t<div class=\"elementor-element elementor-element-5857ae14 elementor-widget elementor-widget-heading\" data-id=\"5857ae14\" data-element_type=\"widget\" data-widget_type=\"heading.default\">\n\t\t\t\t<div class=\"elementor-widget-container\">\n\t\t\t\t\t<h2 class=\"elementor-heading-title elementor-size-default\">Ya sea para aliviar tensiones, restaurar energ\u00edas o simplemente vivir un momento de puro placer y descanso, Heavenly Spa by Westin es el destino ideal para quienes buscan un bienestar completo y duradero.<\/h2>\t\t\t\t<\/div>\n\t\t\t\t<\/div>\n\t\t\t\t<div class=\"elementor-element elementor-element-5fade176 elementor-align-center elementor-widget elementor-widget-button\" data-id=\"5fade176\" data-element_type=\"widget\" data-widget_type=\"button.default\">\n\t\t\t\t<div class=\"elementor-widget-container\">\n\t\t\t\t\t\t\t\t\t<div class=\"elementor-button-wrapper\">\n\t\t\t\t\t<a class=\"elementor-button elementor-button-link elementor-size-sm\" href=\"https:\/\/book.omnibees.com\/hotel\/3165\">\n\t\t\t\t\t\t<span class=\"elementor-button-content-wrapper\">\n\t\t\t\t\t\t\t\t\t<span class=\"elementor-button-text\">\u00a1HAZ TU RESERVA EN THE WESTIN!<\/span>\n\t\t\t\t\t<\/span>\n\t\t\t\t\t<\/a>\n\t\t\t\t<\/div>\n\t\t\t\t\t\t\t\t<\/div>\n\t\t\t\t<\/div>\n\t\t\t\t<div class=\"elementor-element elementor-element-44bc13c elementor-widget elementor-widget-heading\" data-id=\"44bc13c\" data-element_type=\"widget\" data-widget_type=\"heading.default\">\n\t\t\t\t<div class=\"elementor-widget-container\">\n\t\t\t\t\t<h2 class=\"elementor-heading-title elementor-size-default\"><a href=\"https:\/\/guest.iris.net\/RECPG\/content\/standard\/f271f18b-bfb2-4a01-ba38-eb8a21c683fe\" target=\"_blank\">Servicios de SPA disponibles con costo adicional. <u>Haz clic aqu\u00ed.<\/u><\/a><\/h2>\t\t\t\t<\/div>\n\t\t\t\t<\/div>\n\t\t\t\t\t<\/div>\n\t\t\t\t<\/div>\n\t\t\t\t<\/div>","protected":false},"excerpt":{"rendered":"<p>HEAVENLY SPA BY WESTIN Heavenly Spa by Westin\u2122 Servi\u00e7os de SPA dispon\u00edveis com custo adicional. Uma representa\u00e7\u00e3o do nosso compromisso com o bem-estar, o Heavenly Spa by Westin proporciona aos h\u00f3spedes um ref\u00fagio de relaxamento e renova\u00e7\u00e3o. Combinando um ambiente sofisticado com tratamentos exclusivos, nossa proposta \u00e9 criar uma experi\u00eancia sensorial \u00fanica, promovendo o equil\u00edbrio [&hellip;]<\/p>","protected":false},"author":1,"featured_media":0,"parent":0,"menu_order":0,"comment_status":"closed","ping_status":"closed","template":"elementor_header_footer","meta":{"footnotes":""},"class_list":["post-138","page","type-page","status-publish","hentry"],"_links":{"self":[{"href":"https:\/\/westinportodegalinhas.com.br\/es\/wp-json\/wp\/v2\/pages\/138","targetHints":{"allow":["GET"]}}],"collection":[{"href":"https:\/\/westinportodegalinhas.com.br\/es\/wp-json\/wp\/v2\/pages"}],"about":[{"href":"https:\/\/westinportodegalinhas.com.br\/es\/wp-json\/wp\/v2\/types\/page"}],"author":[{"embeddable":true,"href":"https:\/\/westinportodegalinhas.com.br\/es\/wp-json\/wp\/v2\/users\/1"}],"replies":[{"embeddable":true,"href":"https:\/\/westinportodegalinhas.com.br\/es\/wp-json\/wp\/v2\/comments?post=138"}],"version-history":[{"count":64,"href":"https:\/\/westinportodegalinhas.com.br\/es\/wp-json\/wp\/v2\/pages\/138\/revisions"}],"predecessor-version":[{"id":1465,"href":"https:\/\/westinportodegalinhas.com.br\/es\/wp-json\/wp\/v2\/pages\/138\/revisions\/1465"}],"wp:attachment":[{"href":"https:\/\/westinportodegalinhas.com.br\/es\/wp-json\/wp\/v2\/media?parent=138"}],"curies":[{"name":"wp","href":"https:\/\/api.w.org\/{rel}","templated":true}]}}