{"id":53,"date":"2025-03-31T13:45:39","date_gmt":"2025-03-31T13:45:39","guid":{"rendered":"https:\/\/snow-ferret-108103.hostingersite.com\/?page_id=53"},"modified":"2025-09-15T13:57:19","modified_gmt":"2025-09-15T13:57:19","slug":"o-westin","status":"publish","type":"page","link":"https:\/\/westinportodegalinhas.com.br\/es\/o-westin\/","title":{"rendered":"El Westin"},"content":{"rendered":"<div data-elementor-type=\"wp-page\" data-elementor-id=\"53\" class=\"elementor elementor-53\" data-elementor-post-type=\"page\">\n\t\t\t\t<div class=\"elementor-element elementor-element-155b7d5f e-flex e-con-boxed e-con e-parent\" data-id=\"155b7d5f\" data-element_type=\"container\" data-settings=\"{&quot;background_background&quot;:&quot;classic&quot;}\">\n\t\t\t\t\t<div class=\"e-con-inner\">\n\t\t\t\t<div class=\"elementor-element elementor-element-353ae0b9 elementor-widget elementor-widget-heading\" data-id=\"353ae0b9\" data-element_type=\"widget\" data-widget_type=\"heading.default\">\n\t\t\t\t<div class=\"elementor-widget-container\">\n\t\t\t\t\t<h2 class=\"elementor-heading-title elementor-size-default\">EL WESTIN PORTO DE GALINHAS<\/h2>\t\t\t\t<\/div>\n\t\t\t\t<\/div>\n\t\t\t\t\t<\/div>\n\t\t\t\t<\/div>\n\t\t<div class=\"elementor-element elementor-element-90e1fe8 e-flex e-con-boxed e-con e-parent\" data-id=\"90e1fe8\" data-element_type=\"container\" data-settings=\"{&quot;background_background&quot;:&quot;classic&quot;}\">\n\t\t\t\t\t<div class=\"e-con-inner\">\n\t\t<div class=\"elementor-element elementor-element-47ec220f e-con-full e-flex e-con e-child\" data-id=\"47ec220f\" data-element_type=\"container\">\n\t\t<div class=\"elementor-element elementor-element-395c0c15 e-con-full e-flex e-con e-child\" data-id=\"395c0c15\" data-element_type=\"container\">\n\t\t\t\t<div class=\"elementor-element elementor-element-751409eb elementor-widget elementor-widget-heading\" data-id=\"751409eb\" data-element_type=\"widget\" data-widget_type=\"heading.default\">\n\t\t\t\t<div class=\"elementor-widget-container\">\n\t\t\t\t\t<h2 class=\"elementor-heading-title elementor-size-default\">Sofisticaci\u00f3n, Confort y Bienestar<\/h2>\t\t\t\t<\/div>\n\t\t\t\t<\/div>\n\t\t\t\t<div class=\"elementor-element elementor-element-7af290d6 elementor-widget elementor-widget-heading\" data-id=\"7af290d6\" data-element_type=\"widget\" data-widget_type=\"heading.default\">\n\t\t\t\t<div class=\"elementor-widget-container\">\n\t\t\t\t\t<h2 class=\"elementor-heading-title elementor-size-default\">En The Westin Porto de Galinhas, cada detalle ha sido pensado para brindar una experiencia inolvidable. M\u00e1s que un resort todo incluido, somos un refugio de bienestar, donde el lujo y el confort se encuentran frente al mar. Con una infraestructura impecable y servicios exclusivos, garantizamos que su estancia sea sin\u00f3nimo de relajaci\u00f3n y experiencias memorables.<\/h2>\t\t\t\t<\/div>\n\t\t\t\t<\/div>\n\t\t\t\t<\/div>\n\t\t<div class=\"elementor-element elementor-element-442e9587 e-con-full e-flex e-con e-child\" data-id=\"442e9587\" data-element_type=\"container\">\n\t\t\t\t<div class=\"elementor-element elementor-element-66a54a7b elementor-widget elementor-widget-video\" data-id=\"66a54a7b\" data-element_type=\"widget\" data-settings=\"{&quot;youtube_url&quot;:&quot;https:\\\/\\\/youtu.be\\\/f1FKlPSk_9E?si=J1rkAWesY4S3kG3j&quot;,&quot;video_type&quot;:&quot;youtube&quot;,&quot;controls&quot;:&quot;yes&quot;}\" data-widget_type=\"video.default\">\n\t\t\t\t<div class=\"elementor-widget-container\">\n\t\t\t\t\t\t\t<div class=\"elementor-wrapper elementor-open-inline\">\n\t\t\t<div class=\"elementor-video\"><\/div>\t\t<\/div>\n\t\t\t\t\t\t<\/div>\n\t\t\t\t<\/div>\n\t\t\t\t<\/div>\n\t\t\t\t<\/div>\n\t\t\t\t\t<\/div>\n\t\t\t\t<\/div>\n\t\t<div class=\"elementor-element elementor-element-15cbbea5 e-flex e-con-boxed e-con e-parent\" data-id=\"15cbbea5\" data-element_type=\"container\" data-settings=\"{&quot;background_background&quot;:&quot;classic&quot;}\">\n\t\t\t\t\t<div class=\"e-con-inner\">\n\t\t\t\t\t<\/div>\n\t\t\t\t<\/div>\n\t\t<div class=\"elementor-element elementor-element-1348dad2 e-flex e-con-boxed e-con e-parent\" data-id=\"1348dad2\" data-element_type=\"container\" data-settings=\"{&quot;background_background&quot;:&quot;classic&quot;}\">\n\t\t\t\t\t<div class=\"e-con-inner\">\n\t\t\t\t<div class=\"elementor-element elementor-element-426378cf elementor-widget elementor-widget-heading\" data-id=\"426378cf\" data-element_type=\"widget\" data-widget_type=\"heading.default\">\n\t\t\t\t<div class=\"elementor-widget-container\">\n\t\t\t\t\t<h2 class=\"elementor-heading-title elementor-size-default\">DIFERENCIALES EXCLUSIVOS<\/h2>\t\t\t\t<\/div>\n\t\t\t\t<\/div>\n\t\t\t\t\t<\/div>\n\t\t\t\t<\/div>\n\t\t<div class=\"elementor-element elementor-element-645b8e1f e-flex e-con-boxed e-con e-parent\" data-id=\"645b8e1f\" data-element_type=\"container\" data-settings=\"{&quot;background_background&quot;:&quot;classic&quot;}\">\n\t\t\t\t\t<div class=\"e-con-inner\">\n\t\t<div class=\"elementor-element elementor-element-586a0546 e-con-full e-flex e-con e-child\" data-id=\"586a0546\" data-element_type=\"container\">\n\t\t<div class=\"elementor-element elementor-element-146807a e-con-full zoom-box e-flex e-con e-child\" data-id=\"146807a\" data-element_type=\"container\" data-settings=\"{&quot;background_background&quot;:&quot;classic&quot;}\">\n\t\t\t\t<div class=\"elementor-element elementor-element-7083f99 elementor-widget elementor-widget-image\" data-id=\"7083f99\" data-element_type=\"widget\" data-widget_type=\"image.default\">\n\t\t\t\t<div class=\"elementor-widget-container\">\n\t\t\t\t\t\t\t\t\t\t\t\t\t\t\t<img fetchpriority=\"high\" decoding=\"async\" width=\"288\" height=\"475\" src=\"https:\/\/westinportodegalinhas.com.br\/wp-content\/uploads\/2025\/03\/Drinks.png\" class=\"elementor-animation-grow attachment-full size-full wp-image-60\" alt=\"\" srcset=\"https:\/\/westinportodegalinhas.com.br\/wp-content\/uploads\/2025\/03\/Drinks.png 288w, https:\/\/westinportodegalinhas.com.br\/wp-content\/uploads\/2025\/03\/Drinks-182x300.png 182w\" sizes=\"(max-width: 288px) 100vw, 288px\" \/>\t\t\t\t\t\t\t\t\t\t\t\t\t\t\t<\/div>\n\t\t\t\t<\/div>\n\t\t\t\t<div class=\"elementor-element elementor-element-53006bc2 elementor-widget elementor-widget-heading\" data-id=\"53006bc2\" data-element_type=\"widget\" data-widget_type=\"heading.default\">\n\t\t\t\t<div class=\"elementor-widget-container\">\n\t\t\t\t\t<h2 class=\"elementor-heading-title elementor-size-default\">EXPERIENCIA TODO INCLUIDO<\/h2>\t\t\t\t<\/div>\n\t\t\t\t<\/div>\n\t\t\t\t<div class=\"elementor-element elementor-element-317640d0 elementor-widget elementor-widget-heading\" data-id=\"317640d0\" data-element_type=\"widget\" data-widget_type=\"heading.default\">\n\t\t\t\t<div class=\"elementor-widget-container\">\n\t\t\t\t\t<h2 class=\"elementor-heading-title elementor-size-default\">Gastronomia sofisticada, bebidas selecionadas e atendimento impec\u00e1vel.<\/h2>\t\t\t\t<\/div>\n\t\t\t\t<\/div>\n\t\t\t\t<\/div>\n\t\t<div class=\"elementor-element elementor-element-7e045df e-con-full zoom-box e-flex e-con e-child\" data-id=\"7e045df\" data-element_type=\"container\" data-settings=\"{&quot;background_background&quot;:&quot;classic&quot;}\">\n\t\t\t\t<div class=\"elementor-element elementor-element-7a58a0e0 elementor-widget elementor-widget-image\" data-id=\"7a58a0e0\" data-element_type=\"widget\" data-widget_type=\"image.default\">\n\t\t\t\t<div class=\"elementor-widget-container\">\n\t\t\t\t\t\t\t\t\t\t\t\t\t\t\t<img decoding=\"async\" width=\"288\" height=\"475\" src=\"https:\/\/westinportodegalinhas.com.br\/wp-content\/uploads\/2025\/03\/acomdoaceos.png\" class=\"elementor-animation-grow attachment-full size-full wp-image-61\" alt=\"\" srcset=\"https:\/\/westinportodegalinhas.com.br\/wp-content\/uploads\/2025\/03\/acomdoaceos.png 288w, https:\/\/westinportodegalinhas.com.br\/wp-content\/uploads\/2025\/03\/acomdoaceos-182x300.png 182w\" sizes=\"(max-width: 288px) 100vw, 288px\" \/>\t\t\t\t\t\t\t\t\t\t\t\t\t\t\t<\/div>\n\t\t\t\t<\/div>\n\t\t\t\t<div class=\"elementor-element elementor-element-4f6a855b elementor-widget elementor-widget-heading\" data-id=\"4f6a855b\" data-element_type=\"widget\" data-widget_type=\"heading.default\">\n\t\t\t\t<div class=\"elementor-widget-container\">\n\t\t\t\t\t<h2 class=\"elementor-heading-title elementor-size-default\">ALOJAMIENTO DE ALTO NIVEL<\/h2>\t\t\t\t<\/div>\n\t\t\t\t<\/div>\n\t\t\t\t<div class=\"elementor-element elementor-element-4fa7a41a elementor-widget elementor-widget-heading\" data-id=\"4fa7a41a\" data-element_type=\"widget\" data-widget_type=\"heading.default\">\n\t\t\t\t<div class=\"elementor-widget-container\">\n\t\t\t\t\t<h2 class=\"elementor-heading-title elementor-size-default\">Quartos e su\u00edtes elegantes, incluindo villas com piscina privativa e vistas deslumbrantes.<\/h2>\t\t\t\t<\/div>\n\t\t\t\t<\/div>\n\t\t\t\t<\/div>\n\t\t<div class=\"elementor-element elementor-element-14fdb6de e-con-full zoom-box e-flex e-con e-child\" data-id=\"14fdb6de\" data-element_type=\"container\" data-settings=\"{&quot;background_background&quot;:&quot;classic&quot;}\">\n\t\t\t\t<div class=\"elementor-element elementor-element-677f390d elementor-widget elementor-widget-image\" data-id=\"677f390d\" data-element_type=\"widget\" data-widget_type=\"image.default\">\n\t\t\t\t<div class=\"elementor-widget-container\">\n\t\t\t\t\t\t\t\t\t\t\t\t\t\t\t<img decoding=\"async\" width=\"288\" height=\"475\" src=\"https:\/\/westinportodegalinhas.com.br\/wp-content\/uploads\/2025\/03\/spa-1.png\" class=\"elementor-animation-grow attachment-full size-full wp-image-62\" alt=\"\" srcset=\"https:\/\/westinportodegalinhas.com.br\/wp-content\/uploads\/2025\/03\/spa-1.png 288w, https:\/\/westinportodegalinhas.com.br\/wp-content\/uploads\/2025\/03\/spa-1-182x300.png 182w\" sizes=\"(max-width: 288px) 100vw, 288px\" \/>\t\t\t\t\t\t\t\t\t\t\t\t\t\t\t<\/div>\n\t\t\t\t<\/div>\n\t\t\t\t<div class=\"elementor-element elementor-element-58cbec12 elementor-widget elementor-widget-heading\" data-id=\"58cbec12\" data-element_type=\"widget\" data-widget_type=\"heading.default\">\n\t\t\t\t<div class=\"elementor-widget-container\">\n\t\t\t\t\t<h2 class=\"elementor-heading-title elementor-size-default\">HEAVENLY SPA BY WESTIN<\/h2>\t\t\t\t<\/div>\n\t\t\t\t<\/div>\n\t\t\t\t<div class=\"elementor-element elementor-element-20e2d861 elementor-widget elementor-widget-heading\" data-id=\"20e2d861\" data-element_type=\"widget\" data-widget_type=\"heading.default\">\n\t\t\t\t<div class=\"elementor-widget-container\">\n\t\t\t\t\t<h2 class=\"elementor-heading-title elementor-size-default\">Um o\u00e1sis de relaxamento com terapias rejuvenescedoras e massagens revigorantes.<\/h2>\t\t\t\t<\/div>\n\t\t\t\t<\/div>\n\t\t\t\t<\/div>\n\t\t<div class=\"elementor-element elementor-element-1eacdf3e e-con-full zoom-box e-flex e-con e-child\" data-id=\"1eacdf3e\" data-element_type=\"container\" data-settings=\"{&quot;background_background&quot;:&quot;classic&quot;}\">\n\t\t\t\t<div class=\"elementor-element elementor-element-74136161 elementor-widget elementor-widget-image\" data-id=\"74136161\" data-element_type=\"widget\" data-widget_type=\"image.default\">\n\t\t\t\t<div class=\"elementor-widget-container\">\n\t\t\t\t\t\t\t\t\t\t\t\t\t\t\t<img loading=\"lazy\" decoding=\"async\" width=\"288\" height=\"475\" src=\"https:\/\/westinportodegalinhas.com.br\/wp-content\/uploads\/2025\/03\/eventos.png\" class=\"elementor-animation-grow attachment-full size-full wp-image-63\" alt=\"\" srcset=\"https:\/\/westinportodegalinhas.com.br\/wp-content\/uploads\/2025\/03\/eventos.png 288w, https:\/\/westinportodegalinhas.com.br\/wp-content\/uploads\/2025\/03\/eventos-182x300.png 182w\" sizes=\"(max-width: 288px) 100vw, 288px\" \/>\t\t\t\t\t\t\t\t\t\t\t\t\t\t\t<\/div>\n\t\t\t\t<\/div>\n\t\t\t\t<div class=\"elementor-element elementor-element-ce523a7 elementor-widget elementor-widget-heading\" data-id=\"ce523a7\" data-element_type=\"widget\" data-widget_type=\"heading.default\">\n\t\t\t\t<div class=\"elementor-widget-container\">\n\t\t\t\t\t<h2 class=\"elementor-heading-title elementor-size-default\">ACTIVIDADES EXCLUSIVAS<\/h2>\t\t\t\t<\/div>\n\t\t\t\t<\/div>\n\t\t\t\t<div class=\"elementor-element elementor-element-24d4d46c elementor-widget elementor-widget-heading\" data-id=\"24d4d46c\" data-element_type=\"widget\" data-widget_type=\"heading.default\">\n\t\t\t\t<div class=\"elementor-widget-container\">\n\t\t\t\t\t<h2 class=\"elementor-heading-title elementor-size-default\">Programa\u00e7\u00e3o especial para adultos e crian\u00e7as, esportes aqu\u00e1ticos, yoga e experi\u00eancias culturais.<\/h2>\t\t\t\t<\/div>\n\t\t\t\t<\/div>\n\t\t\t\t<\/div>\n\t\t<div class=\"elementor-element elementor-element-2b0609b1 e-con-full zoom-box e-flex e-con e-child\" data-id=\"2b0609b1\" data-element_type=\"container\" data-settings=\"{&quot;background_background&quot;:&quot;classic&quot;}\">\n\t\t\t\t<div class=\"elementor-element elementor-element-e3e15fa elementor-widget elementor-widget-image\" data-id=\"e3e15fa\" data-element_type=\"widget\" data-widget_type=\"image.default\">\n\t\t\t\t<div class=\"elementor-widget-container\">\n\t\t\t\t\t\t\t\t\t\t\t\t\t\t\t<img loading=\"lazy\" decoding=\"async\" width=\"288\" height=\"475\" src=\"https:\/\/westinportodegalinhas.com.br\/wp-content\/uploads\/2025\/03\/encontros-2.png\" class=\"elementor-animation-grow attachment-full size-full wp-image-64\" alt=\"\" srcset=\"https:\/\/westinportodegalinhas.com.br\/wp-content\/uploads\/2025\/03\/encontros-2.png 288w, https:\/\/westinportodegalinhas.com.br\/wp-content\/uploads\/2025\/03\/encontros-2-182x300.png 182w\" sizes=\"(max-width: 288px) 100vw, 288px\" \/>\t\t\t\t\t\t\t\t\t\t\t\t\t\t\t<\/div>\n\t\t\t\t<\/div>\n\t\t\t\t<div class=\"elementor-element elementor-element-1e99747c elementor-widget elementor-widget-heading\" data-id=\"1e99747c\" data-element_type=\"widget\" data-widget_type=\"heading.default\">\n\t\t\t\t<div class=\"elementor-widget-container\">\n\t\t\t\t\t<h2 class=\"elementor-heading-title elementor-size-default\">EVENTOS INOLVIDABLES<\/h2>\t\t\t\t<\/div>\n\t\t\t\t<\/div>\n\t\t\t\t<div class=\"elementor-element elementor-element-5e5939a1 elementor-widget elementor-widget-heading\" data-id=\"5e5939a1\" data-element_type=\"widget\" data-widget_type=\"heading.default\">\n\t\t\t\t<div class=\"elementor-widget-container\">\n\t\t\t\t\t<h2 class=\"elementor-heading-title elementor-size-default\">Estrutura completa para casamentos, encontros corporativos e celebra\u00e7\u00f5es personalizadas.<\/h2>\t\t\t\t<\/div>\n\t\t\t\t<\/div>\n\t\t\t\t<\/div>\n\t\t\t\t<\/div>\n\t\t<div class=\"elementor-element elementor-element-6fdfa541 e-con-full e-flex e-con e-child\" data-id=\"6fdfa541\" data-element_type=\"container\">\n\t\t<div class=\"elementor-element elementor-element-5909c83a e-con-full e-flex e-con e-child\" data-id=\"5909c83a\" data-element_type=\"container\">\n\t\t\t\t<div class=\"elementor-element elementor-element-290ecb5c elementor-widget elementor-widget-heading\" data-id=\"290ecb5c\" data-element_type=\"widget\" data-widget_type=\"heading.default\">\n\t\t\t\t<div class=\"elementor-widget-container\">\n\t\t\t\t\t<h2 class=\"elementor-heading-title elementor-size-default\">DESCUBRE PORTO DE GALINHAS<\/h2>\t\t\t\t<\/div>\n\t\t\t\t<\/div>\n\t\t\t\t<\/div>\n\t\t<div class=\"elementor-element elementor-element-46c25d42 e-con-full e-flex e-con e-child\" data-id=\"46c25d42\" data-element_type=\"container\">\n\t\t\t\t<div class=\"elementor-element elementor-element-170455a9 elementor-widget elementor-widget-heading\" data-id=\"170455a9\" data-element_type=\"widget\" data-widget_type=\"heading.default\">\n\t\t\t\t<div class=\"elementor-widget-container\">\n\t\t\t\t\t<h2 class=\"elementor-heading-title elementor-size-default\">Ubicado en uno de los destinos m\u00e1s paradis\u00edacos de Brasil, The Westin Porto de Galinhas es el punto de partida perfecto para explorar las bellezas naturales de la regi\u00f3n.<\/h2>\t\t\t\t<\/div>\n\t\t\t\t<\/div>\n\t\t\t\t<\/div>\n\t\t\t\t<\/div>\n\t\t\t\t<div class=\"elementor-element elementor-element-7142a738 elementor-widget-divider--view-line elementor-widget elementor-widget-divider\" data-id=\"7142a738\" data-element_type=\"widget\" data-widget_type=\"divider.default\">\n\t\t\t\t<div class=\"elementor-widget-container\">\n\t\t\t\t\t\t\t<div class=\"elementor-divider\">\n\t\t\t<span class=\"elementor-divider-separator\">\n\t\t\t\t\t\t<\/span>\n\t\t<\/div>\n\t\t\t\t\t\t<\/div>\n\t\t\t\t<\/div>\n\t\t<div class=\"elementor-element elementor-element-73e0c3fb e-con-full e-flex e-con e-child\" data-id=\"73e0c3fb\" data-element_type=\"container\">\n\t\t<div class=\"elementor-element elementor-element-667ca3ea e-con-full e-flex e-con e-child\" data-id=\"667ca3ea\" data-element_type=\"container\">\n\t\t<div class=\"elementor-element elementor-element-5a8084ee e-con-full e-flex e-con e-child\" data-id=\"5a8084ee\" data-element_type=\"container\">\n\t\t\t\t<div class=\"elementor-element elementor-element-180cb28d elementor-widget elementor-widget-heading\" data-id=\"180cb28d\" data-element_type=\"widget\" data-widget_type=\"heading.default\">\n\t\t\t\t<div class=\"elementor-widget-container\">\n\t\t\t\t\t<h2 class=\"elementor-heading-title elementor-size-default\">Piscinas Naturales<\/h2>\t\t\t\t<\/div>\n\t\t\t\t<\/div>\n\t\t\t\t<div class=\"elementor-element elementor-element-717a3866 elementor-widget elementor-widget-heading\" data-id=\"717a3866\" data-element_type=\"widget\" data-widget_type=\"heading.default\">\n\t\t\t\t<div class=\"elementor-widget-container\">\n\t\t\t\t\t<h2 class=\"elementor-heading-title elementor-size-default\">Sum\u00e9rgete en aguas cristalinas y descubre arrecifes de coral y una vida marina exuberante.<\/h2>\t\t\t\t<\/div>\n\t\t\t\t<\/div>\n\t\t\t\t<\/div>\n\t\t<div class=\"elementor-element elementor-element-49afb11 e-con-full e-flex e-con e-child\" data-id=\"49afb11\" data-element_type=\"container\">\n\t\t\t\t<div class=\"elementor-element elementor-element-41ebdec2 elementor-widget elementor-widget-heading\" data-id=\"41ebdec2\" data-element_type=\"widget\" data-widget_type=\"heading.default\">\n\t\t\t\t<div class=\"elementor-widget-container\">\n\t\t\t\t\t<h2 class=\"elementor-heading-title elementor-size-default\">Paseos en Jangada<\/h2>\t\t\t\t<\/div>\n\t\t\t\t<\/div>\n\t\t\t\t<div class=\"elementor-element elementor-element-1f93c8e6 elementor-widget elementor-widget-heading\" data-id=\"1f93c8e6\" data-element_type=\"widget\" data-widget_type=\"heading.default\">\n\t\t\t\t<div class=\"elementor-widget-container\">\n\t\t\t\t\t<h2 class=\"elementor-heading-title elementor-size-default\">Explora la costa de forma aut\u00e9ntica y aprovecha lo mejor de la cultura local.<\/h2>\t\t\t\t<\/div>\n\t\t\t\t<\/div>\n\t\t\t\t<\/div>\n\t\t<div class=\"elementor-element elementor-element-7e7e4b10 e-con-full e-flex e-con e-child\" data-id=\"7e7e4b10\" data-element_type=\"container\">\n\t\t\t\t<div class=\"elementor-element elementor-element-6b028473 elementor-widget elementor-widget-heading\" data-id=\"6b028473\" data-element_type=\"widget\" data-widget_type=\"heading.default\">\n\t\t\t\t<div class=\"elementor-widget-container\">\n\t\t\t\t\t<h2 class=\"elementor-heading-title elementor-size-default\">Gastronom\u00eda Regional<\/h2>\t\t\t\t<\/div>\n\t\t\t\t<\/div>\n\t\t\t\t<div class=\"elementor-element elementor-element-35316326 elementor-widget elementor-widget-heading\" data-id=\"35316326\" data-element_type=\"widget\" data-widget_type=\"heading.default\">\n\t\t\t\t<div class=\"elementor-widget-container\">\n\t\t\t\t\t<h2 class=\"elementor-heading-title elementor-size-default\">Saborea platos t\u00edpicos elaborados con mariscos e ingredientes frescos de la regi\u00f3n.<\/h2>\t\t\t\t<\/div>\n\t\t\t\t<\/div>\n\t\t\t\t<\/div>\n\t\t<div class=\"elementor-element elementor-element-57f3856b e-con-full e-flex e-con e-child\" data-id=\"57f3856b\" data-element_type=\"container\">\n\t\t\t\t<div class=\"elementor-element elementor-element-5ee0cb8 elementor-widget elementor-widget-heading\" data-id=\"5ee0cb8\" data-element_type=\"widget\" data-widget_type=\"heading.default\">\n\t\t\t\t<div class=\"elementor-widget-container\">\n\t\t\t\t\t<h2 class=\"elementor-heading-title elementor-size-default\">Naturaleza y Aventura<\/h2>\t\t\t\t<\/div>\n\t\t\t\t<\/div>\n\t\t\t\t<div class=\"elementor-element elementor-element-74c738b1 elementor-widget elementor-widget-heading\" data-id=\"74c738b1\" data-element_type=\"widget\" data-widget_type=\"heading.default\">\n\t\t\t\t<div class=\"elementor-widget-container\">\n\t\t\t\t\t<h2 class=\"elementor-heading-title elementor-size-default\">Senderismo, paseos en buggy por las dunas y buceo son solo algunas de las opciones para los aventureros.<\/h2>\t\t\t\t<\/div>\n\t\t\t\t<\/div>\n\t\t\t\t<\/div>\n\t\t\t\t<\/div>\n\t\t<div class=\"elementor-element elementor-element-4f128a94 e-con-full e-flex e-con e-child\" data-id=\"4f128a94\" data-element_type=\"container\">\n\t\t\t\t<div class=\"elementor-element elementor-element-2aa7bf1f elementor-widget elementor-widget-image\" data-id=\"2aa7bf1f\" data-element_type=\"widget\" data-widget_type=\"image.default\">\n\t\t\t\t<div class=\"elementor-widget-container\">\n\t\t\t\t\t\t\t\t\t\t\t\t\t\t\t<img loading=\"lazy\" decoding=\"async\" width=\"800\" height=\"666\" src=\"https:\/\/westinportodegalinhas.com.br\/wp-content\/uploads\/2025\/03\/Descubra-porto-2.png\" class=\"attachment-large size-large wp-image-65\" alt=\"\" srcset=\"https:\/\/westinportodegalinhas.com.br\/wp-content\/uploads\/2025\/03\/Descubra-porto-2.png 956w, https:\/\/westinportodegalinhas.com.br\/wp-content\/uploads\/2025\/03\/Descubra-porto-2-300x250.png 300w, https:\/\/westinportodegalinhas.com.br\/wp-content\/uploads\/2025\/03\/Descubra-porto-2-768x639.png 768w\" sizes=\"(max-width: 800px) 100vw, 800px\" \/>\t\t\t\t\t\t\t\t\t\t\t\t\t\t\t<\/div>\n\t\t\t\t<\/div>\n\t\t\t\t<\/div>\n\t\t\t\t<\/div>\n\t\t\t\t\t<\/div>\n\t\t\t\t<\/div>\n\t\t\t\t<\/div>","protected":false},"excerpt":{"rendered":"<p>THE WESTIN PORTO DE GALINHAS Sofistica\u00e7\u00e3o, Conforto e Bem-Estar No The Westin Porto de Galinhas, cada detalhe foi pensado para proporcionar uma experi\u00eancia inesquec\u00edvel. Mais do que um resort all-inclusive, somos um ref\u00fagio de bem-estar, onde luxo e conforto se encontram \u00e0 beira-mar. Com uma estrutura impec\u00e1vel e servi\u00e7os exclusivos, garantimos que sua estadia seja [&hellip;]<\/p>","protected":false},"author":1,"featured_media":0,"parent":0,"menu_order":0,"comment_status":"closed","ping_status":"closed","template":"elementor_header_footer","meta":{"footnotes":""},"class_list":["post-53","page","type-page","status-publish","hentry"],"_links":{"self":[{"href":"https:\/\/westinportodegalinhas.com.br\/es\/wp-json\/wp\/v2\/pages\/53","targetHints":{"allow":["GET"]}}],"collection":[{"href":"https:\/\/westinportodegalinhas.com.br\/es\/wp-json\/wp\/v2\/pages"}],"about":[{"href":"https:\/\/westinportodegalinhas.com.br\/es\/wp-json\/wp\/v2\/types\/page"}],"author":[{"embeddable":true,"href":"https:\/\/westinportodegalinhas.com.br\/es\/wp-json\/wp\/v2\/users\/1"}],"replies":[{"embeddable":true,"href":"https:\/\/westinportodegalinhas.com.br\/es\/wp-json\/wp\/v2\/comments?post=53"}],"version-history":[{"count":31,"href":"https:\/\/westinportodegalinhas.com.br\/es\/wp-json\/wp\/v2\/pages\/53\/revisions"}],"predecessor-version":[{"id":1643,"href":"https:\/\/westinportodegalinhas.com.br\/es\/wp-json\/wp\/v2\/pages\/53\/revisions\/1643"}],"wp:attachment":[{"href":"https:\/\/westinportodegalinhas.com.br\/es\/wp-json\/wp\/v2\/media?parent=53"}],"curies":[{"name":"wp","href":"https:\/\/api.w.org\/{rel}","templated":true}]}}